{"id":1638,"date":"2023-02-27T11:27:55","date_gmt":"2023-02-27T10:27:55","guid":{"rendered":"https:\/\/app.dev.madsys.com\/set-c\/?page_id=1638"},"modified":"2023-04-28T09:20:46","modified_gmt":"2023-04-28T07:20:46","slug":"nuestros-servicios","status":"publish","type":"page","link":"https:\/\/set-c.com\/es\/nuestros-servicios\/","title":{"rendered":"Nuestros Servicios"},"content":{"rendered":"<div class=\"wpb-content-wrapper\"><p>[vc_section][vc_row full_width=\u00bbstretch_row_content_no_spaces\u00bb bg_type=\u00bbimage\u00bb css=\u00bb.vc_custom_1679909833674{background-image: url(http:\/\/set-c.com\/wp-content\/uploads\/2023\/02\/prueba-fondo-scaled.jpg?id=1619) !important;background-position: center !important;background-repeat: no-repeat !important;background-size: cover !important;}\u00bb][vc_column][vc_empty_space height=\u00bb300px\u00bb][\/vc_column][\/vc_row][\/vc_section][vc_section el_id=\u00bbnuestros_servicios\u00bb][vc_row css=\u00bb.vc_custom_1677509858018{background-position: center !important;background-repeat: no-repeat !important;background-size: cover !important;}\u00bb el_class=\u00bbmad_up-body-to-header\u00bb][vc_column]<div id=\"ultimate-heading-847369e1ec1044e34\" class=\"uvc-heading ult-adjust-bottom-margin ultimate-heading-847369e1ec1044e34 uvc-3119 accent-border-color\" data-hspacer=\"line_only\"  data-halign=\"center\" style=\"text-align:center\"><div class=\"uvc-main-heading ult-responsive\"  data-ultimate-target='.uvc-heading.ultimate-heading-847369e1ec1044e34 h2'  data-responsive-json-new='{\"font-size\":\"\",\"line-height\":\"\"}' ><h2 style=\"font-weight:normal;margin-bottom:15px;\">Nuestros servicios<\/h2><\/div><div class=\"uvc-heading-spacer line_only\" style=\"margin-bottom:60px;height:3px;\"><span class=\"uvc-headings-line\" style=\"border-style:solid;border-bottom-width:3px;border-color:;width:150px;\"><\/span><\/div><\/div>[vc_row_inner equal_height=\u00bbyes\u00bb content_placement=\u00bbmiddle\u00bb][vc_column_inner width=\u00bb1\/4&#8243;][vc_single_image image=\u00bb1561&#8243; img_size=\u00bbmedium\u00bb alignment=\u00bbcenter\u00bb style=\u00bbvc_box_shadow\u00bb][\/vc_column_inner][vc_column_inner width=\u00bb3\/4&#8243;][vc_column_text el_class=\u00bbmad_text-ambitos-right\u00bb]<\/p>\n<h5><strong>Asesoramiento y acompa\u00f1amiento Jur\u00eddico<\/strong><\/h5>\n<p style=\"text-align: justify;\">SET-C, SCCL dispone de unos servicios jur\u00eddicos especializados de m\u00e1xima calidad, basados en nuestra extensa experiencia profesional, y que ponemos a su disposici\u00f3n para atender todas aquellas necesidades que puedan surgir, planificando con anticipaci\u00f3n y previsi\u00f3n de todos los proyectos o decisiones que cuyo desarrollo se pretenda proyectar en su empresa.<\/p>\n<p style=\"text-align: justify;\">Por ello aspiramos a ser un referente en el Cooperativismo y en la Econom\u00eda social, aportando nuestra experiencia y conocimiento en los mismos. No obstante, gracias a nuestro car\u00e1cter multidisciplinar, contamos con profesionales especializados en diversos \u00e1mbitos jur\u00eddicos, con el objetivo de satisfacer al m\u00e1ximo todas las necesidades de nuestros clientes.<\/p>\n<p style=\"text-align: justify;\">Contamos, adem\u00e1s, con un departamento con amplia experiencia en litigiosidad ante los Juzgados y Tribunales de Justicia, que permitir\u00e1n asegurar e implementar toda esta labor preventiva previamente definida, as\u00ed como hacer frente a cualquier reclamaci\u00f3n que su organizaci\u00f3n o las personas que puedan formar parte, puedan verse implicadas, sea cual sea el \u00e1mbito jur\u00eddico del conflicto.<\/p>\n<p style=\"text-align: justify;\">Conocemos a la perfecci\u00f3n el escenario jur\u00eddico, por lo que, en todo momento, tendr\u00e1 la seguridad que les acompa\u00f1aremos y daremos con la soluci\u00f3n del caso que nos presente de manera rigurosa y precisa.<\/p>\n<p>[\/vc_column_text][\/vc_column_inner][\/vc_row_inner][vc_empty_space height=\u00bb64px\u00bb][vc_row_inner equal_height=\u00bbyes\u00bb content_placement=\u00bbmiddle\u00bb][vc_column_inner width=\u00bb1\/4&#8243;][vc_single_image image=\u00bb1179&#8243; img_size=\u00bbmedium\u00bb alignment=\u00bbcenter\u00bb style=\u00bbvc_box_shadow\u00bb][\/vc_column_inner][vc_column_inner width=\u00bb3\/4&#8243;][vc_column_text el_class=\u00bbmad_text-ambitos-left\u00bb]<\/p>\n<h5><strong>Resoluci\u00f3n de conflictos<\/strong><\/h5>\n<p style=\"text-align: justify;\">Dentro de esta labor planificadora y preventiva, hemos acumulado una larga experiencia en la gesti\u00f3n de tensiones e intervenci\u00f3n en numerosos conflictos propios de toda gesti\u00f3n econ\u00f3mico empresarial.<\/p>\n<p style=\"text-align: justify;\">Esta experiencia, nos ha permitido, asesorar, defender y planificar los intereses de cada una de las partes implicadas, pero asimismo salvaguardar tambi\u00e9n los intereses de la colectividad, todas estas con terceros o instituciones.<\/p>\n<p style=\"text-align: justify;\">La perspectiva que nos ha dado nuestra larga experiencia en la econom\u00eda social, nos avala especialmente para la gesti\u00f3n de estos conflictos en este marco de gesti\u00f3n claramente diferenciado de la conflictividad empresarial gesti\u00f3n de conflictos con una visi\u00f3n exclusivamente mercantil.<\/p>\n<p style=\"text-align: justify;\">Asimismo, asesoramos a nuestros clientes de especial confianza en las operaciones sociales y estrat\u00e9gicas que requieren en su actividad y en su relaci\u00f3n con otras entidades e instituciones asesorando a los \u00f3rganos de Administraci\u00f3n en la toma de decisiones que definan las l\u00edneas de desarrollo y estrategia empresarial que permitan la optimizaci\u00f3n en la gesti\u00f3n de \u00e9stas.<\/p>\n<p>[\/vc_column_text][\/vc_column_inner][\/vc_row_inner][vc_empty_space height=\u00bb64px\u00bb][vc_row_inner equal_height=\u00bbyes\u00bb content_placement=\u00bbmiddle\u00bb][vc_column_inner width=\u00bb1\/4&#8243;][vc_single_image image=\u00bb1156&#8243; img_size=\u00bbmedium\u00bb alignment=\u00bbcenter\u00bb style=\u00bbvc_box_shadow\u00bb][\/vc_column_inner][vc_column_inner width=\u00bb3\/4&#8243;][vc_column_text el_class=\u00bbmad_text-ambitos-right\u00bb]<\/p>\n<h5><strong>Departamento de econom\u00eda y fiscalidad<\/strong><\/h5>\n<p style=\"text-align: justify;\">Desde nuestro departamento econ\u00f3mico y fiscal, SET-C, pone a su disposici\u00f3n todos los instrumentos necesarios para solucionar todas aquellas cuestiones que surjan en el d\u00eda a d\u00eda de su sociedad.<\/p>\n<p style=\"text-align: justify;\">Le ayudamos en la planificaci\u00f3n econ\u00f3mica y fiscal de la empresa, as\u00ed como a planear los diferentes escenarios econ\u00f3micos que pueden proyectarse, y con ello poder generar una mayor rentabilidad econ\u00f3mica y social a su organizaci\u00f3n.<\/p>\n<p style=\"text-align: justify;\">Le ayudamos a resolver todas aquellas dudas que puedan surgir, damos respuesta a todas sus consultas, y revisamos peri\u00f3dicamente las cifras de tu negocio para ofrecerles las opciones que mejor se adapten a sus necesidades solucionando todas aquellas cuestiones que surjan en el d\u00eda a d\u00eda de su negocio, bajo los principios de una mayor eficacia y eficiencia.<\/p>\n<p style=\"text-align: justify;\">Colaboramos con su organizaci\u00f3n en la gesti\u00f3n de todos aquellos tr\u00e1mites relacionados con la Administraci\u00f3n (Requerimientos, certificados, inspecciones, subvenciones, etc.), as\u00ed como nos encargamos de confeccionar y cumplimentar todos aquellos modelos fiscales que requiera la actividad econ\u00f3mica y empresarial.<\/p>\n<p>[\/vc_column_text][\/vc_column_inner][\/vc_row_inner][vc_empty_space height=\u00bb64px\u00bb][vc_row_inner equal_height=\u00bbyes\u00bb content_placement=\u00bbmiddle\u00bb][vc_column_inner width=\u00bb1\/4&#8243;][vc_single_image image=\u00bb1192&#8243; img_size=\u00bbmedium\u00bb alignment=\u00bbcenter\u00bb style=\u00bbvc_box_shadow\u00bb][\/vc_column_inner][vc_column_inner width=\u00bb3\/4&#8243;][vc_column_text el_class=\u00bbmad_text-ambitos-left\u00bb]<\/p>\n<h5><strong>\u00c1rea Laboral y contable<\/strong><\/h5>\n<p style=\"text-align: justify;\">Nuestra soluci\u00f3n de externalizaci\u00f3n en la gesti\u00f3n laboral y contable va m\u00e1s all\u00e1 de la gesti\u00f3n de n\u00f3minas o la elaboraci\u00f3n de la contabilidad de las organizaciones sobre las que implementamos nuestros servicios. Para ello, desde SET-C, se ofrece un servicio integral e integrado, que permite a la empresa simplificar procesos, optimizar costes y obtener un mejor servicio, en el \u00e1mbito laboral y contable. Contamos con equipo especializado en la gesti\u00f3n y confecci\u00f3n de n\u00f3minas, Altas y bajas en Seguridad Social, Cotizaciones, relaciones con la TGSS, presentaci\u00f3n de impuesto, plan de igualdad, registro horario, auditor\u00edas laborales, y todo aquello necesario para una \u00f3ptima implementaci\u00f3n de recursos laborales.<\/p>\n<p style=\"text-align: justify;\">Asi como desde el \u00e1mbito contable, gestionamos con rigurosidad y previsibilidad todo lo relacionado a tus necesidades contables, teniendo siempre a tu disposici\u00f3n una informaci\u00f3n clara y veraz de tu situaci\u00f3n contable, en interrelaci\u00f3n como hemos expuesto con todas aquellas \u00e1reas de gesti\u00f3n desarrolladas desde esta perspectiva de organizaci\u00f3n integral y global.<\/p>\n<p>[\/vc_column_text][\/vc_column_inner][\/vc_row_inner][vc_empty_space height=\u00bb64px\u00bb][vc_btn title=\u00bbSolicitar Informaci\u00f3n\u00bb style=\u00bbgradient-custom\u00bb gradient_custom_color_1=\u00bb#628db8&#8243; gradient_custom_color_2=\u00bb#709dd8&#8243; size=\u00bblg\u00bb align=\u00bbcenter\u00bb css_animation=\u00bbfadeIn\u00bb link=\u00bburl:https%3A%2F%2Fset-c.com%2Fes%2Fcontacto%2F\u00bb][\/vc_column][\/vc_row][\/vc_section]<\/p>\n<\/div>","protected":false},"excerpt":{"rendered":"<p>[vc_section][vc_row full_width=\u00bbstretch_row_content_no_spaces\u00bb bg_type=\u00bbimage\u00bb css=\u00bb.vc_custom_1679909833674{background-image: url(http:\/\/set-c.com\/wp-content\/uploads\/2023\/02\/prueba-fondo-scaled.jpg?id=1619) !important;background-position: center !important;background-repeat: no-repeat !important;background-size: cover !important;}\u00bb][vc_column][vc_empty_space height=\u00bb300px\u00bb][\/vc_column][\/vc_row][\/vc_section][vc_section el_id=\u00bbnuestros_servicios\u00bb][vc_row css=\u00bb.vc_custom_1677509858018{background-position: center !important;background-repeat: no-repeat !important;background-size: cover !important;}\u00bb el_class=\u00bbmad_up-body-to-header\u00bb][vc_column][vc_row_inner equal_height=\u00bbyes\u00bb content_placement=\u00bbmiddle\u00bb][vc_column_inner width=\u00bb1\/4&#8243;][vc_single_image image=\u00bb1561&#8243; img_size=\u00bbmedium\u00bb alignment=\u00bbcenter\u00bb style=\u00bbvc_box_shadow\u00bb][\/vc_column_inner][vc_column_inner width=\u00bb3\/4&#8243;][vc_column_text el_class=\u00bbmad_text-ambitos-right\u00bb] Asesoramiento y acompa\u00f1amiento Jur\u00eddico SET-C, SCCL dispone de unos servicios jur\u00eddicos especializados de m\u00e1xima calidad, basados en nuestra extensa experiencia profesional, y que ponemos &#8230; <a title=\"Nuestros Servicios\" class=\"read-more\" href=\"https:\/\/set-c.com\/es\/nuestros-servicios\/\" aria-label=\"Leer m\u00e1s sobre Nuestros Servicios\">Leer m\u00e1s<\/a><\/p>\n","protected":false},"author":4,"featured_media":0,"parent":0,"menu_order":0,"comment_status":"closed","ping_status":"closed","template":"","meta":{"footnotes":""},"class_list":["post-1638","page","type-page","status-publish"],"yoast_head":"<!-- This site is optimized with the Yoast SEO plugin v27.2 - https:\/\/yoast.com\/product\/yoast-seo-wordpress\/ -->\n<title>Nuestros Servicios - SET-C<\/title>\n<meta name=\"robots\" content=\"index, follow, max-snippet:-1, max-image-preview:large, max-video-preview:-1\" \/>\n<link rel=\"canonical\" href=\"https:\/\/set-c.com\/es\/nuestros-servicios\/\" \/>\n<meta property=\"og:locale\" content=\"es_ES\" \/>\n<meta property=\"og:type\" content=\"article\" \/>\n<meta property=\"og:title\" content=\"Nuestros Servicios - SET-C\" \/>\n<meta property=\"og:description\" content=\"[vc_section][vc_row full_width=\u00bbstretch_row_content_no_spaces\u00bb bg_type=\u00bbimage\u00bb css=\u00bb.vc_custom_1679909833674{background-image: url(http:\/\/set-c.com\/wp-content\/uploads\/2023\/02\/prueba-fondo-scaled.jpg?id=1619) !important;background-position: center !important;background-repeat: no-repeat !important;background-size: cover !important;}\u00bb][vc_column][vc_empty_space height=\u00bb300px\u00bb][\/vc_column][\/vc_row][\/vc_section][vc_section el_id=\u00bbnuestros_servicios\u00bb][vc_row css=\u00bb.vc_custom_1677509858018{background-position: center !important;background-repeat: no-repeat !important;background-size: cover !important;}\u00bb el_class=\u00bbmad_up-body-to-header\u00bb][vc_column][vc_row_inner equal_height=\u00bbyes\u00bb content_placement=\u00bbmiddle\u00bb][vc_column_inner width=\u00bb1\/4&#8243;][vc_single_image image=\u00bb1561&#8243; img_size=\u00bbmedium\u00bb alignment=\u00bbcenter\u00bb style=\u00bbvc_box_shadow\u00bb][\/vc_column_inner][vc_column_inner width=\u00bb3\/4&#8243;][vc_column_text el_class=\u00bbmad_text-ambitos-right\u00bb] Asesoramiento y acompa\u00f1amiento Jur\u00eddico SET-C, SCCL dispone de unos servicios jur\u00eddicos especializados de m\u00e1xima calidad, basados en nuestra extensa experiencia profesional, y que ponemos ... Leer m\u00e1s\" \/>\n<meta property=\"og:url\" content=\"https:\/\/set-c.com\/es\/nuestros-servicios\/\" \/>\n<meta property=\"og:site_name\" content=\"SET-C\" \/>\n<meta property=\"article:modified_time\" content=\"2023-04-28T07:20:46+00:00\" \/>\n<meta name=\"twitter:card\" content=\"summary_large_image\" \/>\n<meta name=\"twitter:label1\" content=\"Tiempo de lectura\" \/>\n\t<meta name=\"twitter:data1\" content=\"6 minutos\" \/>\n<script type=\"application\/ld+json\" class=\"yoast-schema-graph\">{\"@context\":\"https:\/\/schema.org\",\"@graph\":[{\"@type\":\"WebPage\",\"@id\":\"https:\/\/set-c.com\/es\/nuestros-servicios\/\",\"url\":\"https:\/\/set-c.com\/es\/nuestros-servicios\/\",\"name\":\"Nuestros Servicios - SET-C\",\"isPartOf\":{\"@id\":\"https:\/\/set-c.com\/es\/#website\"},\"datePublished\":\"2023-02-27T10:27:55+00:00\",\"dateModified\":\"2023-04-28T07:20:46+00:00\",\"breadcrumb\":{\"@id\":\"https:\/\/set-c.com\/es\/nuestros-servicios\/#breadcrumb\"},\"inLanguage\":\"es\",\"potentialAction\":[{\"@type\":\"ReadAction\",\"target\":[\"https:\/\/set-c.com\/es\/nuestros-servicios\/\"]}]},{\"@type\":\"BreadcrumbList\",\"@id\":\"https:\/\/set-c.com\/es\/nuestros-servicios\/#breadcrumb\",\"itemListElement\":[{\"@type\":\"ListItem\",\"position\":1,\"name\":\"Inici\",\"item\":\"https:\/\/set-c.com\/es\/\"},{\"@type\":\"ListItem\",\"position\":2,\"name\":\"Nuestros Servicios\"}]},{\"@type\":\"WebSite\",\"@id\":\"https:\/\/set-c.com\/es\/#website\",\"url\":\"https:\/\/set-c.com\/es\/\",\"name\":\"SET-C\",\"description\":\"\",\"publisher\":{\"@id\":\"https:\/\/set-c.com\/es\/#organization\"},\"potentialAction\":[{\"@type\":\"SearchAction\",\"target\":{\"@type\":\"EntryPoint\",\"urlTemplate\":\"https:\/\/set-c.com\/es\/?s={search_term_string}\"},\"query-input\":{\"@type\":\"PropertyValueSpecification\",\"valueRequired\":true,\"valueName\":\"search_term_string\"}}],\"inLanguage\":\"es\"},{\"@type\":\"Organization\",\"@id\":\"https:\/\/set-c.com\/es\/#organization\",\"name\":\"SET-C\",\"url\":\"https:\/\/set-c.com\/es\/\",\"logo\":{\"@type\":\"ImageObject\",\"inLanguage\":\"es\",\"@id\":\"https:\/\/set-c.com\/es\/#\/schema\/logo\/image\/\",\"url\":\"https:\/\/set-c.com\/wp-content\/uploads\/2019\/10\/resized_logo_set_C.png\",\"contentUrl\":\"https:\/\/set-c.com\/wp-content\/uploads\/2019\/10\/resized_logo_set_C.png\",\"width\":133,\"height\":57,\"caption\":\"SET-C\"},\"image\":{\"@id\":\"https:\/\/set-c.com\/es\/#\/schema\/logo\/image\/\"}}]}<\/script>\n<!-- \/ Yoast SEO plugin. -->","yoast_head_json":{"title":"Nuestros Servicios - SET-C","robots":{"index":"index","follow":"follow","max-snippet":"max-snippet:-1","max-image-preview":"max-image-preview:large","max-video-preview":"max-video-preview:-1"},"canonical":"https:\/\/set-c.com\/es\/nuestros-servicios\/","og_locale":"es_ES","og_type":"article","og_title":"Nuestros Servicios - SET-C","og_description":"[vc_section][vc_row full_width=\u00bbstretch_row_content_no_spaces\u00bb bg_type=\u00bbimage\u00bb css=\u00bb.vc_custom_1679909833674{background-image: url(http:\/\/set-c.com\/wp-content\/uploads\/2023\/02\/prueba-fondo-scaled.jpg?id=1619) !important;background-position: center !important;background-repeat: no-repeat !important;background-size: cover !important;}\u00bb][vc_column][vc_empty_space height=\u00bb300px\u00bb][\/vc_column][\/vc_row][\/vc_section][vc_section el_id=\u00bbnuestros_servicios\u00bb][vc_row css=\u00bb.vc_custom_1677509858018{background-position: center !important;background-repeat: no-repeat !important;background-size: cover !important;}\u00bb el_class=\u00bbmad_up-body-to-header\u00bb][vc_column][vc_row_inner equal_height=\u00bbyes\u00bb content_placement=\u00bbmiddle\u00bb][vc_column_inner width=\u00bb1\/4&#8243;][vc_single_image image=\u00bb1561&#8243; img_size=\u00bbmedium\u00bb alignment=\u00bbcenter\u00bb style=\u00bbvc_box_shadow\u00bb][\/vc_column_inner][vc_column_inner width=\u00bb3\/4&#8243;][vc_column_text el_class=\u00bbmad_text-ambitos-right\u00bb] Asesoramiento y acompa\u00f1amiento Jur\u00eddico SET-C, SCCL dispone de unos servicios jur\u00eddicos especializados de m\u00e1xima calidad, basados en nuestra extensa experiencia profesional, y que ponemos ... Leer m\u00e1s","og_url":"https:\/\/set-c.com\/es\/nuestros-servicios\/","og_site_name":"SET-C","article_modified_time":"2023-04-28T07:20:46+00:00","twitter_card":"summary_large_image","twitter_misc":{"Tiempo de lectura":"6 minutos"},"schema":{"@context":"https:\/\/schema.org","@graph":[{"@type":"WebPage","@id":"https:\/\/set-c.com\/es\/nuestros-servicios\/","url":"https:\/\/set-c.com\/es\/nuestros-servicios\/","name":"Nuestros Servicios - SET-C","isPartOf":{"@id":"https:\/\/set-c.com\/es\/#website"},"datePublished":"2023-02-27T10:27:55+00:00","dateModified":"2023-04-28T07:20:46+00:00","breadcrumb":{"@id":"https:\/\/set-c.com\/es\/nuestros-servicios\/#breadcrumb"},"inLanguage":"es","potentialAction":[{"@type":"ReadAction","target":["https:\/\/set-c.com\/es\/nuestros-servicios\/"]}]},{"@type":"BreadcrumbList","@id":"https:\/\/set-c.com\/es\/nuestros-servicios\/#breadcrumb","itemListElement":[{"@type":"ListItem","position":1,"name":"Inici","item":"https:\/\/set-c.com\/es\/"},{"@type":"ListItem","position":2,"name":"Nuestros Servicios"}]},{"@type":"WebSite","@id":"https:\/\/set-c.com\/es\/#website","url":"https:\/\/set-c.com\/es\/","name":"SET-C","description":"","publisher":{"@id":"https:\/\/set-c.com\/es\/#organization"},"potentialAction":[{"@type":"SearchAction","target":{"@type":"EntryPoint","urlTemplate":"https:\/\/set-c.com\/es\/?s={search_term_string}"},"query-input":{"@type":"PropertyValueSpecification","valueRequired":true,"valueName":"search_term_string"}}],"inLanguage":"es"},{"@type":"Organization","@id":"https:\/\/set-c.com\/es\/#organization","name":"SET-C","url":"https:\/\/set-c.com\/es\/","logo":{"@type":"ImageObject","inLanguage":"es","@id":"https:\/\/set-c.com\/es\/#\/schema\/logo\/image\/","url":"https:\/\/set-c.com\/wp-content\/uploads\/2019\/10\/resized_logo_set_C.png","contentUrl":"https:\/\/set-c.com\/wp-content\/uploads\/2019\/10\/resized_logo_set_C.png","width":133,"height":57,"caption":"SET-C"},"image":{"@id":"https:\/\/set-c.com\/es\/#\/schema\/logo\/image\/"}}]}},"_links":{"self":[{"href":"https:\/\/set-c.com\/es\/wp-json\/wp\/v2\/pages\/1638","targetHints":{"allow":["GET"]}}],"collection":[{"href":"https:\/\/set-c.com\/es\/wp-json\/wp\/v2\/pages"}],"about":[{"href":"https:\/\/set-c.com\/es\/wp-json\/wp\/v2\/types\/page"}],"author":[{"embeddable":true,"href":"https:\/\/set-c.com\/es\/wp-json\/wp\/v2\/users\/4"}],"replies":[{"embeddable":true,"href":"https:\/\/set-c.com\/es\/wp-json\/wp\/v2\/comments?post=1638"}],"version-history":[{"count":19,"href":"https:\/\/set-c.com\/es\/wp-json\/wp\/v2\/pages\/1638\/revisions"}],"predecessor-version":[{"id":2096,"href":"https:\/\/set-c.com\/es\/wp-json\/wp\/v2\/pages\/1638\/revisions\/2096"}],"wp:attachment":[{"href":"https:\/\/set-c.com\/es\/wp-json\/wp\/v2\/media?parent=1638"}],"curies":[{"name":"wp","href":"https:\/\/api.w.org\/{rel}","templated":true}]}}