{"id":1681,"date":"2023-02-27T15:19:19","date_gmt":"2023-02-27T14:19:19","guid":{"rendered":"https:\/\/app.dev.madsys.com\/set-c\/?page_id=1681"},"modified":"2023-03-27T11:33:46","modified_gmt":"2023-03-27T09:33:46","slug":"contacto","status":"publish","type":"page","link":"https:\/\/set-c.com\/es\/contacto\/","title":{"rendered":"Contacto"},"content":{"rendered":"<div class=\"wpb-content-wrapper\"><p>[vc_section][vc_row full_width=\u00bbstretch_row_content_no_spaces\u00bb bg_type=\u00bbimage\u00bb css=\u00bb.vc_custom_1679909623018{background-image: url(http:\/\/set-c.com\/wp-content\/uploads\/2023\/02\/prueba-fondo-scaled.jpg?id=1619) !important;background-position: center !important;background-repeat: no-repeat !important;background-size: cover !important;}\u00bb][vc_column][vc_empty_space height=\u00bb250px\u00bb][\/vc_column][\/vc_row][\/vc_section][vc_section el_id=\u00bbnuestros_servicios\u00bb][vc_row css=\u00bb.vc_custom_1677509858018{background-position: center !important;background-repeat: no-repeat !important;background-size: cover !important;}\u00bb el_class=\u00bbmad_up-body-to-header\u00bb][vc_column]<div id=\"ultimate-heading-719869f4de7c63761\" class=\"uvc-heading ult-adjust-bottom-margin ultimate-heading-719869f4de7c63761 uvc-680 accent-border-color\" data-hspacer=\"line_only\"  data-halign=\"center\" style=\"text-align:center\"><div class=\"uvc-main-heading ult-responsive\"  data-ultimate-target='.uvc-heading.ultimate-heading-719869f4de7c63761 h2'  data-responsive-json-new='{\"font-size\":\"\",\"line-height\":\"\"}' ><h2 style=\"font-weight:normal;margin-bottom:15px;\">Contacto<\/h2><\/div><div class=\"uvc-heading-spacer line_only\" style=\"margin-bottom:60px;height:3px;\"><span class=\"uvc-headings-line\" style=\"border-style:solid;border-bottom-width:3px;border-color:;width:150px;\"><\/span><\/div><\/div>[vc_column_text]<span class=\"mad_text-medium\">Realiza tu consulta a trav\u00e9s del siguiente formulario. \u00a1Estaremos encantados de atenderte!<\/span>[\/vc_column_text][vc_row_inner equal_height=\u00bbyes\u00bb][vc_column_inner width=\u00bb2\/3&#8243;][vc_raw_html]JTVCY29udGFjdC1mb3JtLTclMjBpZCUzRCUyMjE1NzMlMjIlMjB0aXRsZSUzRCUyMkZvcm11bGFyaW8lMjBkZSUyMGNvbnRhY3RvJTIwRVMlMjIlNUQ=[\/vc_raw_html][\/vc_column_inner][vc_column_inner width=\u00bb1\/3&#8243;][vc_column_text el_class=\u00bbmad_text-rhpd\u00bb]<\/p>\n<p style=\"text-align: left;\"><span style=\"color: var(--accent);\"><strong>DATOS RELATIVOS AL RGPD:<\/strong><\/span><\/p>\n<p style=\"text-align: left;\"><span style=\"color: var(--accent);\"><strong>Responsable Tratamiento:<\/strong><\/span> SET-C, S.C.C.L.<\/p>\n<p style=\"text-align: left;\"><span style=\"color: var(--accent);\"><strong>Finalidad:<\/strong><\/span><\/p>\n<ol>\n<li>Atender la solicitud del usuario, y\/o,<\/li>\n<li>Hacer part\u00edcipe al interesado en los procesos de selecci\u00f3n de personal abiertos actualmente o para futuros procesos en el que el candidato pueda encajar, no pudiendo ser utilizados para otras finalidades.<\/li>\n<\/ol>\n<p style=\"text-align: left;\"><strong><span style=\"color: var(--accent);\">Legitimaci\u00f3n<\/span>:<\/strong> Consentimiento del interesado.<\/p>\n<p style=\"text-align: left;\"><span style=\"color: var(--accent);\"><strong>Cesiones:<\/strong><\/span> No se prev\u00e9n cesiones, excepto por obligaci\u00f3n legal o requerimiento judicial.<\/p>\n<p style=\"text-align: left;\"><span style=\"color: var(--accent);\"><strong>Derechos:<\/strong><\/span> Acceso, rectificaci\u00f3n, supresi\u00f3n, oposici\u00f3n, limitaci\u00f3n, portabilidad, revocaci\u00f3n del consentimiento. Si considera que el tratamiento de sus datos no se ajusta a la normativa, puede acudir a la Autoridad de Control (<a href=\"http:\/\/www.aepd.es\">www.aepd.es<\/a>)<\/p>\n<p><span style=\"color: var(--accent);\"><strong>Informaci\u00f3n adicional:<\/strong><\/span> <a href=\"https:\/\/set-c.com\/es\/politica-de-privacidad\/\">Pol\u00edtica de privacidad.<\/a>[\/vc_column_text][\/vc_column_inner][\/vc_row_inner][vc_empty_space height=\u00bb64px\u00bb]<div id=\"ultimate-heading-129469f4de7c6381e\" class=\"uvc-heading ult-adjust-bottom-margin ultimate-heading-129469f4de7c6381e uvc-5133 accent-border-color\" data-hspacer=\"line_only\"  data-halign=\"center\" style=\"text-align:center\"><div class=\"uvc-main-heading ult-responsive\"  data-ultimate-target='.uvc-heading.ultimate-heading-129469f4de7c6381e h2'  data-responsive-json-new='{\"font-size\":\"\",\"line-height\":\"\"}' ><h2 style=\"font-weight:normal;margin-bottom:15px;\">D\u00f3nde Estamos<\/h2><\/div><div class=\"uvc-heading-spacer line_only\" style=\"margin-bottom:60px;height:3px;\"><span class=\"uvc-headings-line\" style=\"border-style:solid;border-bottom-width:3px;border-color:;width:150px;\"><\/span><\/div><\/div>[vc_gmaps link=\u00bb#E-8_JTNDaWZyYW1lJTIwc3JjJTNEJTIyaHR0cHMlM0ElMkYlMkZ3d3cuZ29vZ2xlLmNvbSUyRm1hcHMlMkZlbWJlZCUzRnBiJTNEJTIxMW0xOCUyMTFtMTIlMjExbTMlMjExZDI5OTMuMjg1NTkxMzcwNjE1NyUyMTJkMi4xNzE3MDM1MTYxMzk2ODQzJTIxM2Q0MS4zODk2MDM4MDM4MTk0NTUlMjEybTMlMjExZjAlMjEyZjAlMjEzZjAlMjEzbTIlMjExaTEwMjQlMjEyaTc2OCUyMTRmMTMuMSUyMTNtMyUyMTFtMiUyMTFzMHgxMmE0YTJmMDBkNjIzOWUxJTI1M0EweDJiNDNmMWVhMDQ4MDY2NTUlMjEyc1JkYS4lMjUyMGRlJTI1MjBTYW50JTI1MjBQZXJlJTI1MkMlMjUyMDE5JTI1MkMlMjUyMDIxJTI1MkMlMjUyMDA4MDEwJTI1MjBCYXJjZWxvbmElMjE1ZTAlMjEzbTIlMjExc2VzJTIxMnNlcyUyMTR2MTY3NzUxNTE4MjEyMiUyMTVtMiUyMTFzZXMlMjEyc2VzJTIyJTIwd2lkdGglM0QlMjI2MDAlMjIlMjBoZWlnaHQlM0QlMjI0NTAlMjIlMjBzdHlsZSUzRCUyMmJvcmRlciUzQTAlM0IlMjIlMjBhbGxvd2Z1bGxzY3JlZW4lM0QlMjIlMjIlMjBsb2FkaW5nJTNEJTIybGF6eSUyMiUyMHJlZmVycmVycG9saWN5JTNEJTIybm8tcmVmZXJyZXItd2hlbi1kb3duZ3JhZGUlMjIlM0UlM0MlMkZpZnJhbWUlM0U=\u00bb][\/vc_column][\/vc_row][\/vc_section]<\/p>\n<\/div>","protected":false},"excerpt":{"rendered":"<p>[vc_section][vc_row full_width=\u00bbstretch_row_content_no_spaces\u00bb bg_type=\u00bbimage\u00bb css=\u00bb.vc_custom_1679909623018{background-image: url(http:\/\/set-c.com\/wp-content\/uploads\/2023\/02\/prueba-fondo-scaled.jpg?id=1619) !important;background-position: center !important;background-repeat: no-repeat !important;background-size: cover !important;}\u00bb][vc_column][vc_empty_space height=\u00bb250px\u00bb][\/vc_column][\/vc_row][\/vc_section][vc_section el_id=\u00bbnuestros_servicios\u00bb][vc_row css=\u00bb.vc_custom_1677509858018{background-position: center !important;background-repeat: no-repeat !important;background-size: cover !important;}\u00bb el_class=\u00bbmad_up-body-to-header\u00bb][vc_column][vc_column_text]Realiza tu consulta a trav\u00e9s del siguiente formulario. \u00a1Estaremos encantados de atenderte![\/vc_column_text][vc_row_inner equal_height=\u00bbyes\u00bb][vc_column_inner width=\u00bb2\/3&#8243;][vc_raw_html]JTVCY29udGFjdC1mb3JtLTclMjBpZCUzRCUyMjE1NzMlMjIlMjB0aXRsZSUzRCUyMkZvcm11bGFyaW8lMjBkZSUyMGNvbnRhY3RvJTIwRVMlMjIlNUQ=[\/vc_raw_html][\/vc_column_inner][vc_column_inner width=\u00bb1\/3&#8243;][vc_column_text el_class=\u00bbmad_text-rhpd\u00bb] DATOS RELATIVOS AL RGPD: Responsable Tratamiento: SET-C, S.C.C.L. Finalidad: Atender la solicitud del usuario, y\/o, Hacer part\u00edcipe al &#8230; <a title=\"Contacto\" class=\"read-more\" href=\"https:\/\/set-c.com\/es\/contacto\/\" aria-label=\"Leer m\u00e1s sobre Contacto\">Leer m\u00e1s<\/a><\/p>\n","protected":false},"author":4,"featured_media":0,"parent":0,"menu_order":0,"comment_status":"closed","ping_status":"closed","template":"","meta":{"footnotes":""},"class_list":["post-1681","page","type-page","status-publish"],"yoast_head":"<!-- This site is optimized with the Yoast SEO plugin v27.4 - https:\/\/yoast.com\/product\/yoast-seo-wordpress\/ -->\n<title>Contacto - SET-C<\/title>\n<meta name=\"robots\" content=\"index, follow, max-snippet:-1, max-image-preview:large, max-video-preview:-1\" \/>\n<link rel=\"canonical\" href=\"https:\/\/set-c.com\/es\/contacto\/\" \/>\n<meta property=\"og:locale\" content=\"es_ES\" \/>\n<meta property=\"og:type\" content=\"article\" \/>\n<meta property=\"og:title\" content=\"Contacto - SET-C\" \/>\n<meta property=\"og:description\" content=\"[vc_section][vc_row full_width=\u00bbstretch_row_content_no_spaces\u00bb bg_type=\u00bbimage\u00bb css=\u00bb.vc_custom_1679909623018{background-image: url(http:\/\/set-c.com\/wp-content\/uploads\/2023\/02\/prueba-fondo-scaled.jpg?id=1619) !important;background-position: center !important;background-repeat: no-repeat !important;background-size: cover !important;}\u00bb][vc_column][vc_empty_space height=\u00bb250px\u00bb][\/vc_column][\/vc_row][\/vc_section][vc_section el_id=\u00bbnuestros_servicios\u00bb][vc_row css=\u00bb.vc_custom_1677509858018{background-position: center !important;background-repeat: no-repeat !important;background-size: cover !important;}\u00bb el_class=\u00bbmad_up-body-to-header\u00bb][vc_column][vc_column_text]Realiza tu consulta a trav\u00e9s del siguiente formulario. \u00a1Estaremos encantados de atenderte![\/vc_column_text][vc_row_inner equal_height=\u00bbyes\u00bb][vc_column_inner width=\u00bb2\/3&#8243;][vc_raw_html]JTVCY29udGFjdC1mb3JtLTclMjBpZCUzRCUyMjE1NzMlMjIlMjB0aXRsZSUzRCUyMkZvcm11bGFyaW8lMjBkZSUyMGNvbnRhY3RvJTIwRVMlMjIlNUQ=[\/vc_raw_html][\/vc_column_inner][vc_column_inner width=\u00bb1\/3&#8243;][vc_column_text el_class=\u00bbmad_text-rhpd\u00bb] DATOS RELATIVOS AL RGPD: Responsable Tratamiento: SET-C, S.C.C.L. Finalidad: Atender la solicitud del usuario, y\/o, Hacer part\u00edcipe al ... Leer m\u00e1s\" \/>\n<meta property=\"og:url\" content=\"https:\/\/set-c.com\/es\/contacto\/\" \/>\n<meta property=\"og:site_name\" content=\"SET-C\" \/>\n<meta property=\"article:modified_time\" content=\"2023-03-27T09:33:46+00:00\" \/>\n<meta name=\"twitter:card\" content=\"summary_large_image\" \/>\n<meta name=\"twitter:label1\" content=\"Tiempo de lectura\" \/>\n\t<meta name=\"twitter:data1\" content=\"2 minutos\" \/>\n<script type=\"application\/ld+json\" class=\"yoast-schema-graph\">{\"@context\":\"https:\\\/\\\/schema.org\",\"@graph\":[{\"@type\":\"WebPage\",\"@id\":\"https:\\\/\\\/set-c.com\\\/es\\\/contacto\\\/\",\"url\":\"https:\\\/\\\/set-c.com\\\/es\\\/contacto\\\/\",\"name\":\"Contacto - SET-C\",\"isPartOf\":{\"@id\":\"https:\\\/\\\/set-c.com\\\/es\\\/#website\"},\"datePublished\":\"2023-02-27T14:19:19+00:00\",\"dateModified\":\"2023-03-27T09:33:46+00:00\",\"breadcrumb\":{\"@id\":\"https:\\\/\\\/set-c.com\\\/es\\\/contacto\\\/#breadcrumb\"},\"inLanguage\":\"es\",\"potentialAction\":[{\"@type\":\"ReadAction\",\"target\":[\"https:\\\/\\\/set-c.com\\\/es\\\/contacto\\\/\"]}]},{\"@type\":\"BreadcrumbList\",\"@id\":\"https:\\\/\\\/set-c.com\\\/es\\\/contacto\\\/#breadcrumb\",\"itemListElement\":[{\"@type\":\"ListItem\",\"position\":1,\"name\":\"Inici\",\"item\":\"https:\\\/\\\/set-c.com\\\/es\\\/\"},{\"@type\":\"ListItem\",\"position\":2,\"name\":\"Contacto\"}]},{\"@type\":\"WebSite\",\"@id\":\"https:\\\/\\\/set-c.com\\\/es\\\/#website\",\"url\":\"https:\\\/\\\/set-c.com\\\/es\\\/\",\"name\":\"SET-C\",\"description\":\"\",\"publisher\":{\"@id\":\"https:\\\/\\\/set-c.com\\\/es\\\/#organization\"},\"potentialAction\":[{\"@type\":\"SearchAction\",\"target\":{\"@type\":\"EntryPoint\",\"urlTemplate\":\"https:\\\/\\\/set-c.com\\\/es\\\/?s={search_term_string}\"},\"query-input\":{\"@type\":\"PropertyValueSpecification\",\"valueRequired\":true,\"valueName\":\"search_term_string\"}}],\"inLanguage\":\"es\"},{\"@type\":\"Organization\",\"@id\":\"https:\\\/\\\/set-c.com\\\/es\\\/#organization\",\"name\":\"SET-C\",\"url\":\"https:\\\/\\\/set-c.com\\\/es\\\/\",\"logo\":{\"@type\":\"ImageObject\",\"inLanguage\":\"es\",\"@id\":\"https:\\\/\\\/set-c.com\\\/es\\\/#\\\/schema\\\/logo\\\/image\\\/\",\"url\":\"https:\\\/\\\/set-c.com\\\/wp-content\\\/uploads\\\/2019\\\/10\\\/resized_logo_set_C.png\",\"contentUrl\":\"https:\\\/\\\/set-c.com\\\/wp-content\\\/uploads\\\/2019\\\/10\\\/resized_logo_set_C.png\",\"width\":133,\"height\":57,\"caption\":\"SET-C\"},\"image\":{\"@id\":\"https:\\\/\\\/set-c.com\\\/es\\\/#\\\/schema\\\/logo\\\/image\\\/\"}}]}<\/script>\n<!-- \/ Yoast SEO plugin. -->","yoast_head_json":{"title":"Contacto - SET-C","robots":{"index":"index","follow":"follow","max-snippet":"max-snippet:-1","max-image-preview":"max-image-preview:large","max-video-preview":"max-video-preview:-1"},"canonical":"https:\/\/set-c.com\/es\/contacto\/","og_locale":"es_ES","og_type":"article","og_title":"Contacto - SET-C","og_description":"[vc_section][vc_row full_width=\u00bbstretch_row_content_no_spaces\u00bb bg_type=\u00bbimage\u00bb css=\u00bb.vc_custom_1679909623018{background-image: url(http:\/\/set-c.com\/wp-content\/uploads\/2023\/02\/prueba-fondo-scaled.jpg?id=1619) !important;background-position: center !important;background-repeat: no-repeat !important;background-size: cover !important;}\u00bb][vc_column][vc_empty_space height=\u00bb250px\u00bb][\/vc_column][\/vc_row][\/vc_section][vc_section el_id=\u00bbnuestros_servicios\u00bb][vc_row css=\u00bb.vc_custom_1677509858018{background-position: center !important;background-repeat: no-repeat !important;background-size: cover !important;}\u00bb el_class=\u00bbmad_up-body-to-header\u00bb][vc_column][vc_column_text]Realiza tu consulta a trav\u00e9s del siguiente formulario. \u00a1Estaremos encantados de atenderte![\/vc_column_text][vc_row_inner equal_height=\u00bbyes\u00bb][vc_column_inner width=\u00bb2\/3&#8243;][vc_raw_html]JTVCY29udGFjdC1mb3JtLTclMjBpZCUzRCUyMjE1NzMlMjIlMjB0aXRsZSUzRCUyMkZvcm11bGFyaW8lMjBkZSUyMGNvbnRhY3RvJTIwRVMlMjIlNUQ=[\/vc_raw_html][\/vc_column_inner][vc_column_inner width=\u00bb1\/3&#8243;][vc_column_text el_class=\u00bbmad_text-rhpd\u00bb] DATOS RELATIVOS AL RGPD: Responsable Tratamiento: SET-C, S.C.C.L. Finalidad: Atender la solicitud del usuario, y\/o, Hacer part\u00edcipe al ... Leer m\u00e1s","og_url":"https:\/\/set-c.com\/es\/contacto\/","og_site_name":"SET-C","article_modified_time":"2023-03-27T09:33:46+00:00","twitter_card":"summary_large_image","twitter_misc":{"Tiempo de lectura":"2 minutos"},"schema":{"@context":"https:\/\/schema.org","@graph":[{"@type":"WebPage","@id":"https:\/\/set-c.com\/es\/contacto\/","url":"https:\/\/set-c.com\/es\/contacto\/","name":"Contacto - SET-C","isPartOf":{"@id":"https:\/\/set-c.com\/es\/#website"},"datePublished":"2023-02-27T14:19:19+00:00","dateModified":"2023-03-27T09:33:46+00:00","breadcrumb":{"@id":"https:\/\/set-c.com\/es\/contacto\/#breadcrumb"},"inLanguage":"es","potentialAction":[{"@type":"ReadAction","target":["https:\/\/set-c.com\/es\/contacto\/"]}]},{"@type":"BreadcrumbList","@id":"https:\/\/set-c.com\/es\/contacto\/#breadcrumb","itemListElement":[{"@type":"ListItem","position":1,"name":"Inici","item":"https:\/\/set-c.com\/es\/"},{"@type":"ListItem","position":2,"name":"Contacto"}]},{"@type":"WebSite","@id":"https:\/\/set-c.com\/es\/#website","url":"https:\/\/set-c.com\/es\/","name":"SET-C","description":"","publisher":{"@id":"https:\/\/set-c.com\/es\/#organization"},"potentialAction":[{"@type":"SearchAction","target":{"@type":"EntryPoint","urlTemplate":"https:\/\/set-c.com\/es\/?s={search_term_string}"},"query-input":{"@type":"PropertyValueSpecification","valueRequired":true,"valueName":"search_term_string"}}],"inLanguage":"es"},{"@type":"Organization","@id":"https:\/\/set-c.com\/es\/#organization","name":"SET-C","url":"https:\/\/set-c.com\/es\/","logo":{"@type":"ImageObject","inLanguage":"es","@id":"https:\/\/set-c.com\/es\/#\/schema\/logo\/image\/","url":"https:\/\/set-c.com\/wp-content\/uploads\/2019\/10\/resized_logo_set_C.png","contentUrl":"https:\/\/set-c.com\/wp-content\/uploads\/2019\/10\/resized_logo_set_C.png","width":133,"height":57,"caption":"SET-C"},"image":{"@id":"https:\/\/set-c.com\/es\/#\/schema\/logo\/image\/"}}]}},"_links":{"self":[{"href":"https:\/\/set-c.com\/es\/wp-json\/wp\/v2\/pages\/1681","targetHints":{"allow":["GET"]}}],"collection":[{"href":"https:\/\/set-c.com\/es\/wp-json\/wp\/v2\/pages"}],"about":[{"href":"https:\/\/set-c.com\/es\/wp-json\/wp\/v2\/types\/page"}],"author":[{"embeddable":true,"href":"https:\/\/set-c.com\/es\/wp-json\/wp\/v2\/users\/4"}],"replies":[{"embeddable":true,"href":"https:\/\/set-c.com\/es\/wp-json\/wp\/v2\/comments?post=1681"}],"version-history":[{"count":19,"href":"https:\/\/set-c.com\/es\/wp-json\/wp\/v2\/pages\/1681\/revisions"}],"predecessor-version":[{"id":2042,"href":"https:\/\/set-c.com\/es\/wp-json\/wp\/v2\/pages\/1681\/revisions\/2042"}],"wp:attachment":[{"href":"https:\/\/set-c.com\/es\/wp-json\/wp\/v2\/media?parent=1681"}],"curies":[{"name":"wp","href":"https:\/\/api.w.org\/{rel}","templated":true}]}}