{"id":1683,"date":"2023-02-27T15:19:51","date_gmt":"2023-02-27T14:19:51","guid":{"rendered":"https:\/\/app.dev.madsys.com\/set-c\/?page_id=1683"},"modified":"2023-04-28T09:23:15","modified_gmt":"2023-04-28T07:23:15","slug":"nuestro-equipo","status":"publish","type":"page","link":"https:\/\/set-c.com\/es\/nuestro-equipo\/","title":{"rendered":"Nuestro Equipo"},"content":{"rendered":"<div class=\"wpb-content-wrapper\"><p>[vc_section el_id=\u00bbheader-hero\u00bb][vc_row full_width=\u00bbstretch_row_content_no_spaces\u00bb bg_type=\u00bbimage\u00bb css=\u00bb.vc_custom_1679909793685{background-image: url(http:\/\/set-c.com\/wp-content\/uploads\/2023\/02\/prueba-fondo-scaled.jpg?id=1619) !important;background-position: center !important;background-repeat: no-repeat !important;background-size: cover !important;}\u00bb][vc_column][vc_empty_space height=\u00bb100px\u00bb][vc_column_text]<\/p>\n<h1 style=\"text-align: center;\"><span class=\"mad_titulo-home\">&#8230;<\/span><\/h1>\n<p>[\/vc_column_text][vc_empty_space height=\u00bb100px\u00bb][\/vc_column][\/vc_row][\/vc_section][vc_section][vc_row el_id=\u00bbnuestro-equipo\u00bb el_class=\u00bbmad_up-body-to-header\u00bb][vc_column][vc_empty_space height=\u00bb64px\u00bb]<div id=\"ultimate-heading-238869fb40e08533c\" class=\"uvc-heading ult-adjust-bottom-margin ultimate-heading-238869fb40e08533c uvc-6085 accent-border-color\" data-hspacer=\"line_only\"  data-halign=\"center\" style=\"text-align:center\"><div class=\"uvc-main-heading ult-responsive\"  data-ultimate-target='.uvc-heading.ultimate-heading-238869fb40e08533c h2'  data-responsive-json-new='{\"font-size\":\"\",\"line-height\":\"\"}' ><h2 style=\"font-weight:normal;margin-bottom:15px;\">Nuestro Equipo<\/h2><\/div><div class=\"uvc-heading-spacer line_only\" style=\"margin-bottom:60px;height:3px;\"><span class=\"uvc-headings-line\" style=\"border-style:solid;border-bottom-width:3px;border-color:#628db8;width:150px;\"><\/span><\/div><\/div>[vc_column_text el_class=\u00bbmad_text-medium\u00bb]<\/p>\n<p style=\"text-align: center;\">Somos profesionales especializados en todas las \u00e1reas del derecho, econom\u00eda y planificaci\u00f3n estrat\u00e9gica que atender\u00e1n sus consultas con total profesionalidad y una gran experiencia avalada durante estos 25 a\u00f1os.<\/p>\n<p>[\/vc_column_text][vc_empty_space el_class=\u00bbno-mobile\u00bb][vc_row_inner][vc_column_inner width=\u00bb1\/3&#8243; offset=\u00bbvc_col-xs-6&#8243;][vc_single_image image=\u00bb1976&#8243; img_size=\u00bbfull\u00bb alignment=\u00bbcenter\u00bb style=\u00bbvc_box_circle_2&#8243; title=\u00bbPerfecto Alonso Tejera\u00bb el_class=\u00bbteam_foto\u00bb][\/vc_column_inner][vc_column_inner width=\u00bb1\/3&#8243; offset=\u00bbvc_col-xs-6&#8243;][vc_single_image image=\u00bb1980&#8243; img_size=\u00bbfull\u00bb alignment=\u00bbcenter\u00bb style=\u00bbvc_box_circle_2&#8243; title=\u00bbManel Tell Sauret\u00bb el_class=\u00bbteam_foto\u00bb][\/vc_column_inner][vc_column_inner width=\u00bb1\/3&#8243; offset=\u00bbvc_col-xs-6&#8243;][vc_single_image image=\u00bb1958&#8243; img_size=\u00bbfull\u00bb alignment=\u00bbcenter\u00bb style=\u00bbvc_box_circle_2&#8243; title=\u00bbFrancisco J. Su\u00e1rez Rodr\u00edguez\u00bb el_class=\u00bbteam_foto\u00bb][\/vc_column_inner][vc_column_inner width=\u00bb1\/3&#8243; offset=\u00bbvc_col-xs-6&#8243;][vc_single_image image=\u00bb1972&#8243; img_size=\u00bbfull\u00bb alignment=\u00bbcenter\u00bb style=\u00bbvc_box_circle_2&#8243; title=\u00bbSandra M\u00e9ndez Vilella\u00bb el_class=\u00bbteam_foto\u00bb][\/vc_column_inner][vc_column_inner width=\u00bb1\/3&#8243; offset=\u00bbvc_col-xs-6&#8243;][vc_single_image image=\u00bb1978&#8243; img_size=\u00bbfull\u00bb alignment=\u00bbcenter\u00bb style=\u00bbvc_box_circle_2&#8243; title=\u00bbPep Juarez Canet\u00bb el_class=\u00bbteam_foto\u00bb][\/vc_column_inner][vc_column_inner width=\u00bb1\/3&#8243; offset=\u00bbvc_col-xs-6&#8243;][vc_single_image image=\u00bb1987&#8243; img_size=\u00bbfull\u00bb alignment=\u00bbcenter\u00bb style=\u00bbvc_box_circle_2&#8243; title=\u00bbSonia Gonz\u00e1lez D\u00edaz\u00bb el_id=\u00bbteam_foto\u00bb el_class=\u00bbteam_foto\u00bb][\/vc_column_inner][vc_column_inner width=\u00bb1\/3&#8243; offset=\u00bbvc_col-xs-6&#8243;][vc_single_image image=\u00bb1974&#8243; img_size=\u00bbfull\u00bb alignment=\u00bbcenter\u00bb style=\u00bbvc_box_circle_2&#8243; title=\u00bbSandra L. Conteiro Paredes\u00bb el_class=\u00bbteam_foto\u00bb][\/vc_column_inner][vc_column_inner width=\u00bb1\/3&#8243; offset=\u00bbvc_col-xs-6&#8243;][vc_single_image image=\u00bb1982&#8243; img_size=\u00bbfull\u00bb alignment=\u00bbcenter\u00bb style=\u00bbvc_box_circle_2&#8243; title=\u00bbM\u00aa Angels Ribalaygua Gros\u00bb el_class=\u00bbteam_foto\u00bb][\/vc_column_inner][vc_column_inner width=\u00bb1\/3&#8243; offset=\u00bbvc_col-xs-6&#8243;][vc_single_image image=\u00bb1984&#8243; img_size=\u00bbfull\u00bb alignment=\u00bbcenter\u00bb style=\u00bbvc_box_circle_2&#8243; title=\u00bbIsabel Pombo Varela\u00bb el_class=\u00bbteam_foto\u00bb][\/vc_column_inner][\/vc_row_inner][vc_empty_space height=\u00bb64px\u00bb el_class=\u00bbno-mobile\u00bb][vc_empty_space height=\u00bb64px\u00bb]<div id=\"ultimate-heading-819069fb40e085444\" class=\"uvc-heading ult-adjust-bottom-margin ultimate-heading-819069fb40e085444 uvc-5754 accent-border-color\" data-hspacer=\"line_only\"  data-halign=\"center\" style=\"text-align:center\"><div class=\"uvc-main-heading ult-responsive\"  data-ultimate-target='.uvc-heading.ultimate-heading-819069fb40e085444 h2'  data-responsive-json-new='{\"font-size\":\"\",\"line-height\":\"\"}' ><h2 style=\"font-weight:normal;margin-bottom:15px;\">Nuevos Talentos<\/h2><\/div><div class=\"uvc-heading-spacer line_only\" style=\"margin-bottom:60px;height:3px;\"><span class=\"uvc-headings-line\" style=\"border-style:solid;border-bottom-width:3px;border-color:#628db8;width:150px;\"><\/span><\/div><\/div>[vc_column_text el_class=\u00bbmad_text-medium\u00bb]<\/p>\n<p style=\"text-align: center;\">\u00bfQuieres trabajar con nosotros? Env\u00edanos tu Curr\u00edculum Vitae y nos pondremos en contacto contigo.<\/p>\n<p>[\/vc_column_text][vc_btn title=\u00bbEnviar C.V.\u00bb style=\u00bbgradient-custom\u00bb gradient_custom_color_1=\u00bb#628db8&#8243; gradient_custom_color_2=\u00bb#709dd8&#8243; size=\u00bblg\u00bb align=\u00bbcenter\u00bb i_icon_fontawesome=\u00bbfar fa-envelope\u00bb css_animation=\u00bbfadeIn\u00bb add_icon=\u00bbtrue\u00bb link=\u00bburl:https%3A%2F%2Fset-c.com%2Fes%2Fcontacto%2F\u00bb][\/vc_column][\/vc_row][\/vc_section]<\/p>\n<\/div>","protected":false},"excerpt":{"rendered":"<p>[vc_section el_id=\u00bbheader-hero\u00bb][vc_row full_width=\u00bbstretch_row_content_no_spaces\u00bb bg_type=\u00bbimage\u00bb css=\u00bb.vc_custom_1679909793685{background-image: url(http:\/\/set-c.com\/wp-content\/uploads\/2023\/02\/prueba-fondo-scaled.jpg?id=1619) !important;background-position: center !important;background-repeat: no-repeat !important;background-size: cover !important;}\u00bb][vc_column][vc_empty_space height=\u00bb100px\u00bb][vc_column_text] &#8230; [\/vc_column_text][vc_empty_space height=\u00bb100px\u00bb][\/vc_column][\/vc_row][\/vc_section][vc_section][vc_row el_id=\u00bbnuestro-equipo\u00bb el_class=\u00bbmad_up-body-to-header\u00bb][vc_column][vc_empty_space height=\u00bb64px\u00bb][vc_column_text el_class=\u00bbmad_text-medium\u00bb] Somos profesionales especializados en todas las \u00e1reas del derecho, econom\u00eda y planificaci\u00f3n estrat\u00e9gica que atender\u00e1n sus consultas con total profesionalidad y una gran experiencia avalada durante estos 25 a\u00f1os. [\/vc_column_text][vc_empty_space el_class=\u00bbno-mobile\u00bb][vc_row_inner][vc_column_inner width=\u00bb1\/3&#8243; offset=\u00bbvc_col-xs-6&#8243;][vc_single_image image=\u00bb1976&#8243; &#8230; <a title=\"Nuestro Equipo\" class=\"read-more\" href=\"https:\/\/set-c.com\/es\/nuestro-equipo\/\" aria-label=\"Leer m\u00e1s sobre Nuestro Equipo\">Leer m\u00e1s<\/a><\/p>\n","protected":false},"author":4,"featured_media":0,"parent":0,"menu_order":0,"comment_status":"closed","ping_status":"closed","template":"","meta":{"footnotes":""},"class_list":["post-1683","page","type-page","status-publish"],"yoast_head":"<!-- This site is optimized with the Yoast SEO plugin v27.4 - https:\/\/yoast.com\/product\/yoast-seo-wordpress\/ -->\n<title>Nuestro Equipo - SET-C<\/title>\n<meta name=\"robots\" content=\"index, follow, max-snippet:-1, max-image-preview:large, max-video-preview:-1\" \/>\n<link rel=\"canonical\" href=\"https:\/\/set-c.com\/es\/nuestro-equipo\/\" \/>\n<meta property=\"og:locale\" content=\"es_ES\" \/>\n<meta property=\"og:type\" content=\"article\" \/>\n<meta property=\"og:title\" content=\"Nuestro Equipo - SET-C\" \/>\n<meta property=\"og:description\" content=\"[vc_section el_id=\u00bbheader-hero\u00bb][vc_row full_width=\u00bbstretch_row_content_no_spaces\u00bb bg_type=\u00bbimage\u00bb css=\u00bb.vc_custom_1679909793685{background-image: url(http:\/\/set-c.com\/wp-content\/uploads\/2023\/02\/prueba-fondo-scaled.jpg?id=1619) !important;background-position: center !important;background-repeat: no-repeat !important;background-size: cover !important;}\u00bb][vc_column][vc_empty_space height=\u00bb100px\u00bb][vc_column_text] &#8230; [\/vc_column_text][vc_empty_space height=\u00bb100px\u00bb][\/vc_column][\/vc_row][\/vc_section][vc_section][vc_row el_id=\u00bbnuestro-equipo\u00bb el_class=\u00bbmad_up-body-to-header\u00bb][vc_column][vc_empty_space height=\u00bb64px\u00bb][vc_column_text el_class=\u00bbmad_text-medium\u00bb] Somos profesionales especializados en todas las \u00e1reas del derecho, econom\u00eda y planificaci\u00f3n estrat\u00e9gica que atender\u00e1n sus consultas con total profesionalidad y una gran experiencia avalada durante estos 25 a\u00f1os. [\/vc_column_text][vc_empty_space el_class=\u00bbno-mobile\u00bb][vc_row_inner][vc_column_inner width=\u00bb1\/3&#8243; offset=\u00bbvc_col-xs-6&#8243;][vc_single_image image=\u00bb1976&#8243; ... Leer m\u00e1s\" \/>\n<meta property=\"og:url\" content=\"https:\/\/set-c.com\/es\/nuestro-equipo\/\" \/>\n<meta property=\"og:site_name\" content=\"SET-C\" \/>\n<meta property=\"article:modified_time\" content=\"2023-04-28T07:23:15+00:00\" \/>\n<meta name=\"twitter:card\" content=\"summary_large_image\" \/>\n<meta name=\"twitter:label1\" content=\"Tiempo de lectura\" \/>\n\t<meta name=\"twitter:data1\" content=\"3 minutos\" \/>\n<script type=\"application\/ld+json\" class=\"yoast-schema-graph\">{\"@context\":\"https:\\\/\\\/schema.org\",\"@graph\":[{\"@type\":\"WebPage\",\"@id\":\"https:\\\/\\\/set-c.com\\\/es\\\/nuestro-equipo\\\/\",\"url\":\"https:\\\/\\\/set-c.com\\\/es\\\/nuestro-equipo\\\/\",\"name\":\"Nuestro Equipo - SET-C\",\"isPartOf\":{\"@id\":\"https:\\\/\\\/set-c.com\\\/es\\\/#website\"},\"datePublished\":\"2023-02-27T14:19:51+00:00\",\"dateModified\":\"2023-04-28T07:23:15+00:00\",\"breadcrumb\":{\"@id\":\"https:\\\/\\\/set-c.com\\\/es\\\/nuestro-equipo\\\/#breadcrumb\"},\"inLanguage\":\"es\",\"potentialAction\":[{\"@type\":\"ReadAction\",\"target\":[\"https:\\\/\\\/set-c.com\\\/es\\\/nuestro-equipo\\\/\"]}]},{\"@type\":\"BreadcrumbList\",\"@id\":\"https:\\\/\\\/set-c.com\\\/es\\\/nuestro-equipo\\\/#breadcrumb\",\"itemListElement\":[{\"@type\":\"ListItem\",\"position\":1,\"name\":\"Inici\",\"item\":\"https:\\\/\\\/set-c.com\\\/es\\\/\"},{\"@type\":\"ListItem\",\"position\":2,\"name\":\"Nuestro Equipo\"}]},{\"@type\":\"WebSite\",\"@id\":\"https:\\\/\\\/set-c.com\\\/es\\\/#website\",\"url\":\"https:\\\/\\\/set-c.com\\\/es\\\/\",\"name\":\"SET-C\",\"description\":\"\",\"publisher\":{\"@id\":\"https:\\\/\\\/set-c.com\\\/es\\\/#organization\"},\"potentialAction\":[{\"@type\":\"SearchAction\",\"target\":{\"@type\":\"EntryPoint\",\"urlTemplate\":\"https:\\\/\\\/set-c.com\\\/es\\\/?s={search_term_string}\"},\"query-input\":{\"@type\":\"PropertyValueSpecification\",\"valueRequired\":true,\"valueName\":\"search_term_string\"}}],\"inLanguage\":\"es\"},{\"@type\":\"Organization\",\"@id\":\"https:\\\/\\\/set-c.com\\\/es\\\/#organization\",\"name\":\"SET-C\",\"url\":\"https:\\\/\\\/set-c.com\\\/es\\\/\",\"logo\":{\"@type\":\"ImageObject\",\"inLanguage\":\"es\",\"@id\":\"https:\\\/\\\/set-c.com\\\/es\\\/#\\\/schema\\\/logo\\\/image\\\/\",\"url\":\"https:\\\/\\\/set-c.com\\\/wp-content\\\/uploads\\\/2019\\\/10\\\/resized_logo_set_C.png\",\"contentUrl\":\"https:\\\/\\\/set-c.com\\\/wp-content\\\/uploads\\\/2019\\\/10\\\/resized_logo_set_C.png\",\"width\":133,\"height\":57,\"caption\":\"SET-C\"},\"image\":{\"@id\":\"https:\\\/\\\/set-c.com\\\/es\\\/#\\\/schema\\\/logo\\\/image\\\/\"}}]}<\/script>\n<!-- \/ Yoast SEO plugin. -->","yoast_head_json":{"title":"Nuestro Equipo - SET-C","robots":{"index":"index","follow":"follow","max-snippet":"max-snippet:-1","max-image-preview":"max-image-preview:large","max-video-preview":"max-video-preview:-1"},"canonical":"https:\/\/set-c.com\/es\/nuestro-equipo\/","og_locale":"es_ES","og_type":"article","og_title":"Nuestro Equipo - SET-C","og_description":"[vc_section el_id=\u00bbheader-hero\u00bb][vc_row full_width=\u00bbstretch_row_content_no_spaces\u00bb bg_type=\u00bbimage\u00bb css=\u00bb.vc_custom_1679909793685{background-image: url(http:\/\/set-c.com\/wp-content\/uploads\/2023\/02\/prueba-fondo-scaled.jpg?id=1619) !important;background-position: center !important;background-repeat: no-repeat !important;background-size: cover !important;}\u00bb][vc_column][vc_empty_space height=\u00bb100px\u00bb][vc_column_text] &#8230; [\/vc_column_text][vc_empty_space height=\u00bb100px\u00bb][\/vc_column][\/vc_row][\/vc_section][vc_section][vc_row el_id=\u00bbnuestro-equipo\u00bb el_class=\u00bbmad_up-body-to-header\u00bb][vc_column][vc_empty_space height=\u00bb64px\u00bb][vc_column_text el_class=\u00bbmad_text-medium\u00bb] Somos profesionales especializados en todas las \u00e1reas del derecho, econom\u00eda y planificaci\u00f3n estrat\u00e9gica que atender\u00e1n sus consultas con total profesionalidad y una gran experiencia avalada durante estos 25 a\u00f1os. [\/vc_column_text][vc_empty_space el_class=\u00bbno-mobile\u00bb][vc_row_inner][vc_column_inner width=\u00bb1\/3&#8243; offset=\u00bbvc_col-xs-6&#8243;][vc_single_image image=\u00bb1976&#8243; ... Leer m\u00e1s","og_url":"https:\/\/set-c.com\/es\/nuestro-equipo\/","og_site_name":"SET-C","article_modified_time":"2023-04-28T07:23:15+00:00","twitter_card":"summary_large_image","twitter_misc":{"Tiempo de lectura":"3 minutos"},"schema":{"@context":"https:\/\/schema.org","@graph":[{"@type":"WebPage","@id":"https:\/\/set-c.com\/es\/nuestro-equipo\/","url":"https:\/\/set-c.com\/es\/nuestro-equipo\/","name":"Nuestro Equipo - SET-C","isPartOf":{"@id":"https:\/\/set-c.com\/es\/#website"},"datePublished":"2023-02-27T14:19:51+00:00","dateModified":"2023-04-28T07:23:15+00:00","breadcrumb":{"@id":"https:\/\/set-c.com\/es\/nuestro-equipo\/#breadcrumb"},"inLanguage":"es","potentialAction":[{"@type":"ReadAction","target":["https:\/\/set-c.com\/es\/nuestro-equipo\/"]}]},{"@type":"BreadcrumbList","@id":"https:\/\/set-c.com\/es\/nuestro-equipo\/#breadcrumb","itemListElement":[{"@type":"ListItem","position":1,"name":"Inici","item":"https:\/\/set-c.com\/es\/"},{"@type":"ListItem","position":2,"name":"Nuestro Equipo"}]},{"@type":"WebSite","@id":"https:\/\/set-c.com\/es\/#website","url":"https:\/\/set-c.com\/es\/","name":"SET-C","description":"","publisher":{"@id":"https:\/\/set-c.com\/es\/#organization"},"potentialAction":[{"@type":"SearchAction","target":{"@type":"EntryPoint","urlTemplate":"https:\/\/set-c.com\/es\/?s={search_term_string}"},"query-input":{"@type":"PropertyValueSpecification","valueRequired":true,"valueName":"search_term_string"}}],"inLanguage":"es"},{"@type":"Organization","@id":"https:\/\/set-c.com\/es\/#organization","name":"SET-C","url":"https:\/\/set-c.com\/es\/","logo":{"@type":"ImageObject","inLanguage":"es","@id":"https:\/\/set-c.com\/es\/#\/schema\/logo\/image\/","url":"https:\/\/set-c.com\/wp-content\/uploads\/2019\/10\/resized_logo_set_C.png","contentUrl":"https:\/\/set-c.com\/wp-content\/uploads\/2019\/10\/resized_logo_set_C.png","width":133,"height":57,"caption":"SET-C"},"image":{"@id":"https:\/\/set-c.com\/es\/#\/schema\/logo\/image\/"}}]}},"_links":{"self":[{"href":"https:\/\/set-c.com\/es\/wp-json\/wp\/v2\/pages\/1683","targetHints":{"allow":["GET"]}}],"collection":[{"href":"https:\/\/set-c.com\/es\/wp-json\/wp\/v2\/pages"}],"about":[{"href":"https:\/\/set-c.com\/es\/wp-json\/wp\/v2\/types\/page"}],"author":[{"embeddable":true,"href":"https:\/\/set-c.com\/es\/wp-json\/wp\/v2\/users\/4"}],"replies":[{"embeddable":true,"href":"https:\/\/set-c.com\/es\/wp-json\/wp\/v2\/comments?post=1683"}],"version-history":[{"count":32,"href":"https:\/\/set-c.com\/es\/wp-json\/wp\/v2\/pages\/1683\/revisions"}],"predecessor-version":[{"id":2099,"href":"https:\/\/set-c.com\/es\/wp-json\/wp\/v2\/pages\/1683\/revisions\/2099"}],"wp:attachment":[{"href":"https:\/\/set-c.com\/es\/wp-json\/wp\/v2\/media?parent=1683"}],"curies":[{"name":"wp","href":"https:\/\/api.w.org\/{rel}","templated":true}]}}